{"id":1179,"date":"2023-02-17T12:05:59","date_gmt":"2023-02-17T12:05:59","guid":{"rendered":"https:\/\/pie.ch\/?page_id=1179"},"modified":"2026-01-06T07:48:51","modified_gmt":"2026-01-06T07:48:51","slug":"iot-devices","status":"publish","type":"page","link":"https:\/\/pie.ch\/en\/iot-devices\/","title":{"rendered":"IoT Devices"},"content":{"rendered":"<p>In the IoT sector in particular, requirements are often highly customized. PI Electronics AG enables you to have your IoT device manufactured entirely according to your specifications. As an example, see our sensors for polygon detection in rail vehicles below.<\/p>\n\n\n\n<div style=\"height:30px\" aria-hidden=\"true\" class=\"wp-block-spacer\"><\/div>\n\n\n\n<h2 class=\"wp-block-heading\">Polygon Detection<\/h2>\n\n\n\n<p>A frequently occurring problem in rail vehicles is polygon formation. Due to uneven wear, the round wheels become squared. In addition to damage to the infrastructure and the vehicle, this often causes noise complaints from customers, as the noise level outside as well as inside the vehicle can increase enormously.<\/p>\n\n\n\n<p>PI Electronics AG has therefore developed a Polygon early-warning system in collaboration with the Zurich Public Transport Authority (VBZ), which is now being successfully used in nearly 100 tram sets.<\/p>\n\n\n<div class=\"wp-block-image\">\n<figure class=\"aligncenter size-full is-resized\"><img loading=\"lazy\" decoding=\"async\" width=\"640\" height=\"480\" src=\"https:\/\/pie.ch\/wordpress\/wp-content\/uploads\/2023\/02\/640px-Zurich_Be_5-6_Cobra_3002_Letzistrasse.jpg\" alt=\"\" class=\"wp-image-1232\" style=\"width:472px;height:354px\" srcset=\"https:\/\/pie.ch\/wordpress\/wp-content\/uploads\/2023\/02\/640px-Zurich_Be_5-6_Cobra_3002_Letzistrasse.jpg 640w, https:\/\/pie.ch\/wordpress\/wp-content\/uploads\/2023\/02\/640px-Zurich_Be_5-6_Cobra_3002_Letzistrasse-300x225.jpg 300w, https:\/\/pie.ch\/wordpress\/wp-content\/uploads\/2023\/02\/640px-Zurich_Be_5-6_Cobra_3002_Letzistrasse-16x12.jpg 16w\" sizes=\"(max-width: 640px) 100vw, 640px\" \/><figcaption class=\"wp-element-caption\">Quelle: Wikipedia.org<\/figcaption><\/figure><\/div>\n\n\n<div style=\"height:27px\" aria-hidden=\"true\" class=\"wp-block-spacer\"><\/div>\n\n\n\n<h3 class=\"wp-block-heading\">Build<\/h3>\n\n\n\n<div class=\"wp-block-media-text alignwide is-stacked-on-mobile\"><figure class=\"wp-block-media-text__media\"><img loading=\"lazy\" decoding=\"async\" width=\"953\" height=\"603\" src=\"https:\/\/pie.ch\/wordpress\/wp-content\/uploads\/2023\/02\/Zug_neu.png\" alt=\"\" class=\"wp-image-1188 size-full\" srcset=\"https:\/\/pie.ch\/wordpress\/wp-content\/uploads\/2023\/02\/Zug_neu.png 953w, https:\/\/pie.ch\/wordpress\/wp-content\/uploads\/2023\/02\/Zug_neu-300x190.png 300w, https:\/\/pie.ch\/wordpress\/wp-content\/uploads\/2023\/02\/Zug_neu-768x486.png 768w, https:\/\/pie.ch\/wordpress\/wp-content\/uploads\/2023\/02\/Zug_neu-18x12.png 18w\" sizes=\"(max-width: 953px) 100vw, 953px\" \/><\/figure><div class=\"wp-block-media-text__content\">\n<p>The system consists of specifically developed sensors that record the vibrations per chassis and transmit them to a railway compatible industrial PC in the tram. This evaluates the data and sends it to an external server.<\/p>\n\n\n\n<p>The major advantage: The system issues a warning before excessive polygon formation occurs, thereby preventing damage and noise complaints.<\/p>\n<\/div><\/div>\n\n\n\n<div class=\"wp-block-media-text alignwide has-media-on-the-right is-stacked-on-mobile\"><div class=\"wp-block-media-text__content\">\n<p>The compact sensor, which is located above the chassis, detects the vertical accelerations. The in-house developed sensor technology is housed in an IP65-protected enclosure and fully complies with the railroad standard.<\/p>\n\n\n\n<p class=\"translation-block\">Case size: 71 x 43 x 28 mm<br>With lugs: 92 x 43 x 28 mm<br>Weight: &lt; 70 g<\/p>\n\n\n\n<p><br><\/p>\n<\/div><figure class=\"wp-block-media-text__media\"><img loading=\"lazy\" decoding=\"async\" width=\"1011\" height=\"798\" src=\"https:\/\/pie.ch\/wordpress\/wp-content\/uploads\/2023\/02\/Sensor2.png\" alt=\"\" class=\"wp-image-1180 size-full\" srcset=\"https:\/\/pie.ch\/wordpress\/wp-content\/uploads\/2023\/02\/Sensor2.png 1011w, https:\/\/pie.ch\/wordpress\/wp-content\/uploads\/2023\/02\/Sensor2-300x237.png 300w, https:\/\/pie.ch\/wordpress\/wp-content\/uploads\/2023\/02\/Sensor2-768x606.png 768w, https:\/\/pie.ch\/wordpress\/wp-content\/uploads\/2023\/02\/Sensor2-15x12.png 15w\" sizes=\"(max-width: 1011px) 100vw, 1011px\" \/><\/figure><\/div>\n\n\n\n<div style=\"height:43px\" aria-hidden=\"true\" class=\"wp-block-spacer\"><\/div>\n\n\n\n<h3 class=\"wp-block-heading\">Real-time state analysis via web visualization<\/h3>\n\n\n\n<p>The measured accelerations are linked to the vehicle's GPS data. The resulting data set enables extensive analyses of the wheels and the railway network. <\/p>\n\n\n\n<p>The example below shows the vibration data of a tram line shown in color on a map. Many other types of representation are possible.<\/p>\n\n\n\n<div style=\"height:51px\" aria-hidden=\"true\" class=\"wp-block-spacer\"><\/div>\n\n\n\n<div class=\"wp-block-media-text alignwide is-stacked-on-mobile\" style=\"grid-template-columns:45% auto\"><figure class=\"wp-block-media-text__media\"><img loading=\"lazy\" decoding=\"async\" width=\"933\" height=\"564\" src=\"https:\/\/pie.ch\/wordpress\/wp-content\/uploads\/2023\/02\/sensor1.png\" alt=\"\" class=\"wp-image-1182 size-full\" srcset=\"https:\/\/pie.ch\/wordpress\/wp-content\/uploads\/2023\/02\/sensor1.png 933w, https:\/\/pie.ch\/wordpress\/wp-content\/uploads\/2023\/02\/sensor1-300x181.png 300w, https:\/\/pie.ch\/wordpress\/wp-content\/uploads\/2023\/02\/sensor1-768x464.png 768w, https:\/\/pie.ch\/wordpress\/wp-content\/uploads\/2023\/02\/sensor1-18x12.png 18w\" sizes=\"(max-width: 933px) 100vw, 933px\" \/><\/figure><div class=\"wp-block-media-text__content\">\n<p>On the first set of wheels, most of the dots are green. This indicates low vibration, meaning the wheel is in good condition.<\/p>\n<\/div><\/div>\n\n\n\n<div class=\"wp-block-media-text alignwide is-stacked-on-mobile\" style=\"grid-template-columns:45% auto\"><figure class=\"wp-block-media-text__media\"><img loading=\"lazy\" decoding=\"async\" width=\"924\" height=\"567\" src=\"https:\/\/pie.ch\/wordpress\/wp-content\/uploads\/2023\/02\/sensor2-1.png\" alt=\"\" class=\"wp-image-1183 size-full\" srcset=\"https:\/\/pie.ch\/wordpress\/wp-content\/uploads\/2023\/02\/sensor2-1.png 924w, https:\/\/pie.ch\/wordpress\/wp-content\/uploads\/2023\/02\/sensor2-1-300x184.png 300w, https:\/\/pie.ch\/wordpress\/wp-content\/uploads\/2023\/02\/sensor2-1-768x471.png 768w, https:\/\/pie.ch\/wordpress\/wp-content\/uploads\/2023\/02\/sensor2-1-18x12.png 18w\" sizes=\"(max-width: 924px) 100vw, 924px\" \/><\/figure><div class=\"wp-block-media-text__content\">\n<p>In the second chassis, some measured values show increased vibration. This is a clear indication of the onset of polygon formation.<\/p>\n<\/div><\/div>\n\n\n\n<div class=\"wp-block-media-text alignwide is-stacked-on-mobile\" style=\"grid-template-columns:45% auto\"><figure class=\"wp-block-media-text__media\"><img loading=\"lazy\" decoding=\"async\" width=\"924\" height=\"567\" src=\"https:\/\/pie.ch\/wordpress\/wp-content\/uploads\/2023\/02\/sensor3.png\" alt=\"\" class=\"wp-image-1184 size-full\" srcset=\"https:\/\/pie.ch\/wordpress\/wp-content\/uploads\/2023\/02\/sensor3.png 924w, https:\/\/pie.ch\/wordpress\/wp-content\/uploads\/2023\/02\/sensor3-300x184.png 300w, https:\/\/pie.ch\/wordpress\/wp-content\/uploads\/2023\/02\/sensor3-768x471.png 768w, https:\/\/pie.ch\/wordpress\/wp-content\/uploads\/2023\/02\/sensor3-18x12.png 18w\" sizes=\"(max-width: 924px) 100vw, 924px\" \/><\/figure><div class=\"wp-block-media-text__content\">\n<p>The sensor on the third chassis detects a clear polygon formation. The wheels should be serviced.<\/p>\n<\/div><\/div>\n\n\n\n<div style=\"height:41px\" aria-hidden=\"true\" class=\"wp-block-spacer\"><\/div>\n\n\n\n<h3 class=\"wp-block-heading\">Technical Article \u2013 Polygon Detection VBZ \/ PIE<\/h3>\n\n\n\n<div class=\"wp-block-buttons is-layout-flex wp-block-buttons-is-layout-flex\">\n<div class=\"wp-block-button\"><a class=\"wp-block-button__link has-background wp-element-button\" href=\"https:\/\/pie.ch\/wordpress\/wp-content\/uploads\/2020\/03\/PS_2020_04_S16-17.pdf\" style=\"background-color:#153b8e\" target=\"_blank\" rel=\"noreferrer noopener\">Polyscope (04\/20)<\/a><\/div>\n\n\n\n<div class=\"wp-block-button\"><a class=\"wp-block-button__link has-background wp-element-button\" href=\"https:\/\/pie.ch\/wordpress\/wp-content\/uploads\/2023\/02\/2022-Oktober_EisenbahnRevue_VBZ-Polygondetektion_Internet-1.pdf\" style=\"background-color:#153b8e\" target=\"_blank\" rel=\"noreferrer noopener\">Eisenbahn Revue (02\/22)<\/a><\/div>\n\n\n\n<div class=\"wp-block-button\"><a class=\"wp-block-button__link has-background wp-element-button\" href=\"https:\/\/vbzonline.ch\/die-essenz-der-obsoleszenz\/\" style=\"background-color:#153b8e\" target=\"_blank\" rel=\"noreferrer noopener\">VBZ Post &#8222;Essenz der Obsoleszenz&#8220; (06\/23)<\/a><\/div>\n\n\n\n<div class=\"wp-block-button\"><a class=\"wp-block-button__link has-background wp-element-button\" href=\"https:\/\/vbzonline.ch\/alles-rund-im-radkasten\/\" style=\"background-color:#153b8e\" target=\"_blank\" rel=\"noreferrer noopener\">VBZ Post &#8222;Alles rund im Radkasten?&#8220; (04\/24)<\/a><\/div>\n<\/div>\n\n\n\n<div style=\"height:100px\" aria-hidden=\"true\" class=\"wp-block-spacer\"><\/div>","protected":false},"excerpt":{"rendered":"<p>Speziell im IoT Bereich sind die Anforderungen oft sehr kundenspezifisch. PI Electronics AG erm\u00f6glicht es Ihnen, Ihr IoT Device komplett nach Ihren W\u00fcnschen zu fertigen. Als Beispiel sehen Sie unten unsere Sensoren zur Polygon Detektion f\u00fcr Schienenfahrzeuge. Polygon Detektion Ein h\u00e4ufig auftretendes Problem bei Schienenfahrzeugen ist die Polygonbildung (Vieleckbildung). Durch eine ungleichm\u00e4ssige Abnutzung werden die&hellip;&nbsp;<a href=\"https:\/\/pie.ch\/en\/iot-devices\/\" class=\"\" rel=\"bookmark\">Read More &raquo;<span class=\"screen-reader-text\">IoT Devices<\/span><\/a><\/p>","protected":false},"author":1,"featured_media":0,"parent":0,"menu_order":0,"comment_status":"closed","ping_status":"closed","template":"","meta":{"neve_meta_sidebar":"full-width","neve_meta_container":"","neve_meta_enable_content_width":"on","neve_meta_content_width":100,"neve_meta_title_alignment":"","neve_meta_author_avatar":"","neve_post_elements_order":"","neve_meta_disable_header":"","neve_meta_disable_footer":"","neve_meta_disable_title":"","footnotes":""},"_links":{"self":[{"href":"https:\/\/pie.ch\/en\/wp-json\/wp\/v2\/pages\/1179"}],"collection":[{"href":"https:\/\/pie.ch\/en\/wp-json\/wp\/v2\/pages"}],"about":[{"href":"https:\/\/pie.ch\/en\/wp-json\/wp\/v2\/types\/page"}],"author":[{"embeddable":true,"href":"https:\/\/pie.ch\/en\/wp-json\/wp\/v2\/users\/1"}],"replies":[{"embeddable":true,"href":"https:\/\/pie.ch\/en\/wp-json\/wp\/v2\/comments?post=1179"}],"version-history":[{"count":35,"href":"https:\/\/pie.ch\/en\/wp-json\/wp\/v2\/pages\/1179\/revisions"}],"predecessor-version":[{"id":1897,"href":"https:\/\/pie.ch\/en\/wp-json\/wp\/v2\/pages\/1179\/revisions\/1897"}],"wp:attachment":[{"href":"https:\/\/pie.ch\/en\/wp-json\/wp\/v2\/media?parent=1179"}],"curies":[{"name":"wp","href":"https:\/\/api.w.org\/{rel}","templated":true}]}}