{"id":1417,"date":"2023-06-02T12:53:06","date_gmt":"2023-06-02T12:53:06","guid":{"rendered":"https:\/\/pie.ch\/?page_id=1417"},"modified":"2023-06-06T10:31:50","modified_gmt":"2023-06-06T10:31:50","slug":"systemintegration","status":"publish","type":"page","link":"https:\/\/pie.ch\/en\/dienstleistungen\/systemintegration\/","title":{"rendered":"System Integration"},"content":{"rendered":"<h2 class=\"wp-block-heading\">cRIO System Integration<\/h2>\n\n\n\n<h4 class=\"wp-block-heading\">Example System: NETbase<\/h4>\n\n\n\n<p class=\"translation-block\">For <strong>measurements on large systems<\/strong> around the world, PI Electronics AG develops <strong>compact and expandable measuring systems<\/strong>. The highest demands are placed on these systems with regard to the places of use and the various measurement orders. Measurements can, for example, take place on the high seas or at remote locations. Strong temperature fluctuations have to be covered and the measurement time can range from a few weeks to several years. Power failures must mean no or only a minimal measurement interruption.<\/p>\n\n\n\n<p>The device produced by PI Electronics AG can also be used directly for acceptance tests on site and thus saves expensive in-house infrastructure. In addition, remote access via the Internet allows seamless (24\/7) monitoring of the measurements.<\/p>\n\n\n\n<div class=\"wp-block-media-text alignwide is-stacked-on-mobile\" style=\"grid-template-columns:40% auto\"><figure class=\"wp-block-media-text__media\"><img loading=\"lazy\" decoding=\"async\" width=\"1024\" height=\"768\" src=\"https:\/\/pie.ch\/wordpress\/wp-content\/uploads\/2020\/01\/IMG_20200110_075106-1-1024x768.jpg\" alt=\"\" class=\"wp-image-83 size-full\" srcset=\"https:\/\/pie.ch\/wordpress\/wp-content\/uploads\/2020\/01\/IMG_20200110_075106-1-1024x768.jpg 1024w, https:\/\/pie.ch\/wordpress\/wp-content\/uploads\/2020\/01\/IMG_20200110_075106-1-300x225.jpg 300w, https:\/\/pie.ch\/wordpress\/wp-content\/uploads\/2020\/01\/IMG_20200110_075106-1-768x576.jpg 768w\" sizes=\"(max-width: 1024px) 100vw, 1024px\" \/><\/figure><div class=\"wp-block-media-text__content\">\n<p>Touch display, USB port, PoE interfaces<br>2 x RPM measurements<br>1 x Barometer<br>1 x Ambient Temperature<br>1x Humidity<br>6 x Temperatur<br>6 x Pressure Transducers<br>2 x Counter Inputs<br>1 x Analog Input<\/p>\n<\/div><\/div>\n\n\n\n<div style=\"height:27px\" aria-hidden=\"true\" class=\"wp-block-spacer\"><\/div>\n\n\n\n<div class=\"wp-block-media-text alignwide is-stacked-on-mobile\" style=\"grid-template-columns:40% auto\"><figure class=\"wp-block-media-text__media\"><img loading=\"lazy\" decoding=\"async\" width=\"1024\" height=\"768\" src=\"https:\/\/pie.ch\/wordpress\/wp-content\/uploads\/2023\/06\/K1600_IMG_7704-1024x768.jpg\" alt=\"\" class=\"wp-image-1422 size-full\" srcset=\"https:\/\/pie.ch\/wordpress\/wp-content\/uploads\/2023\/06\/K1600_IMG_7704-1024x768.jpg 1024w, https:\/\/pie.ch\/wordpress\/wp-content\/uploads\/2023\/06\/K1600_IMG_7704-300x225.jpg 300w, https:\/\/pie.ch\/wordpress\/wp-content\/uploads\/2023\/06\/K1600_IMG_7704-768x576.jpg 768w, https:\/\/pie.ch\/wordpress\/wp-content\/uploads\/2023\/06\/K1600_IMG_7704-1536x1152.jpg 1536w, https:\/\/pie.ch\/wordpress\/wp-content\/uploads\/2023\/06\/K1600_IMG_7704-16x12.jpg 16w, https:\/\/pie.ch\/wordpress\/wp-content\/uploads\/2023\/06\/K1600_IMG_7704.jpg 1600w\" sizes=\"(max-width: 1024px) 100vw, 1024px\" \/><\/figure><div class=\"wp-block-media-text__content\">\n<p class=\"has-text-align-left\">Operating temperature: -40 \u00b0C to 70 \u00b0C<br>Size: 300 x 250 x 200 mm<br>Messgenauigkeit (Aufl\u00f6sung): 24-Bit<br>Samplingrate: 1-1000 Hz<br>Weight: 10.2 kg<br>Power consumption: 34W (typ), 120W (PoE)<br>Local storage on SD card<br>Data transfer via USB or web access<br>Cyber \u200b\u200bsecurity: specially secured hardware and software<\/p>\n<\/div><\/div>\n\n\n\n<hr class=\"wp-block-separator has-alpha-channel-opacity\"\/>\n\n\n\n<h2 class=\"wp-block-heading\">Single board RIO System Integration<\/h2>\n\n\n\n<h4 class=\"wp-block-heading\">Example System: WinTrigBox<\/h4>\n\n\n\n<p class=\"translation-block\">As is usual with rotating machines, the <strong>crank angle<\/strong> is the reference for the <strong>measurement data on ship engines<\/strong>. If possible, an angle encoder is used to record it. However, it is often not possible to mount the encoder or it is very time-consuming.<br>By using the WinTrigBox, the use of an encoder can be dispensed with and conventional inductive sensors can be aligned with the teeth of the machine gear wheel and connected to the WinTrigBox. The internal algorithm calculates the speed from the signals obtained from this and generates an angle signal corresponding to an encoder.<\/p>\n\n\n\n<p>The heart of the WinTrigBox is a single board RIO. The very fast and complex algorithm is implemented on the FPGA. The electronics developed by PI Electronics are also controlled by the FPGA. A web server runs on the processor, which makes it easy to operate remotely. All settings can be made conveniently with a mobile phone or notebook via WLAN.<br>Thanks to the robust design and the fact that there are no operating elements on the device, the WinTrigBox withstands the harsh environmental conditions of field measurements on ship diesel engines.<\/p>\n\n\n\n<div class=\"wp-block-media-text alignwide is-stacked-on-mobile\" style=\"grid-template-columns:36% auto\"><figure class=\"wp-block-media-text__media\"><img loading=\"lazy\" decoding=\"async\" width=\"785\" height=\"551\" src=\"https:\/\/pie.ch\/wordpress\/wp-content\/uploads\/2023\/06\/wintrigbox1.jpg\" alt=\"\" class=\"wp-image-1423 size-thumbnail\" srcset=\"https:\/\/pie.ch\/wordpress\/wp-content\/uploads\/2023\/06\/wintrigbox1.jpg 785w, https:\/\/pie.ch\/wordpress\/wp-content\/uploads\/2023\/06\/wintrigbox1-300x211.jpg 300w, https:\/\/pie.ch\/wordpress\/wp-content\/uploads\/2023\/06\/wintrigbox1-768x539.jpg 768w, https:\/\/pie.ch\/wordpress\/wp-content\/uploads\/2023\/06\/wintrigbox1-18x12.jpg 18w\" sizes=\"(max-width: 785px) 100vw, 785px\" \/><\/figure><div class=\"wp-block-media-text__content\">\n<h4 class=\"wp-block-heading\">Separation of device and control unit<\/h4>\n\n\n\n<p>The WinTrigBox in operation. The mobile phone is connected to the web service running on the WinTrigBox via WLAN. The user interface for control via the web interface can be seen on the display.<br>The strict separation of user interface and process leads to a very high level of process reliability. Once configured, the device continues to function seamlessly in the event of a keypad failure or loss of connection.<\/p>\n<\/div><\/div>\n\n\n\n<div class=\"wp-block-media-text alignwide is-stacked-on-mobile\" style=\"grid-template-columns:37% auto\"><figure class=\"wp-block-media-text__media\"><img loading=\"lazy\" decoding=\"async\" width=\"760\" height=\"491\" src=\"https:\/\/pie.ch\/wordpress\/wp-content\/uploads\/2023\/06\/wintrigbox2.jpg\" alt=\"\" class=\"wp-image-1424 size-full\" srcset=\"https:\/\/pie.ch\/wordpress\/wp-content\/uploads\/2023\/06\/wintrigbox2.jpg 760w, https:\/\/pie.ch\/wordpress\/wp-content\/uploads\/2023\/06\/wintrigbox2-300x194.jpg 300w, https:\/\/pie.ch\/wordpress\/wp-content\/uploads\/2023\/06\/wintrigbox2-18x12.jpg 18w\" sizes=\"(max-width: 760px) 100vw, 760px\" \/><\/figure><div class=\"wp-block-media-text__content\">\n<h4 class=\"wp-block-heading\">Versatile housing solution and modular concept<\/h4>\n\n\n\n<p>The inner life of the WinTrigBox has a modular structure. The thermal kit ensures a direct, thermal connection between the ICs of the sbRIO and the housing used as a heat sink. The motherboard developed by PI Electronics generates the required electrical voltages and carries customer-specific printed circuit boards as well as a universally usable WLAN module.<\/p>\n<\/div><\/div>\n\n\n\n<hr class=\"wp-block-separator has-alpha-channel-opacity\"\/>\n\n\n\n<h2 class=\"wp-block-heading\">cDAQ System Integration<\/h2>\n\n\n\n<h4 class=\"wp-block-heading\">Example System: PI-cDAQ<\/h4>\n\n\n\n<p class=\"translation-block\">Various challenges arise for <strong>measurements in test cells<\/strong>. The systems should be expandable with minimal effort and quickly adapted to daily measurement tasks. Another important factor is the price\/performance ratio per channel, which comes into play when there are a large number of channels. Good accessibility of the measuring connections and variable module adaptation make everyday measuring easier and reduce conversion costs.<\/p>\n\n\n\n<div style=\"height:30px\" aria-hidden=\"true\" class=\"wp-block-spacer\"><\/div>\n\n\n\n<div class=\"wp-block-media-text alignwide is-stacked-on-mobile\" style=\"grid-template-columns:40% auto\"><figure class=\"wp-block-media-text__media\"><img loading=\"lazy\" decoding=\"async\" width=\"812\" height=\"500\" src=\"https:\/\/pie.ch\/wordpress\/wp-content\/uploads\/2023\/06\/cdaq1.jpg\" alt=\"\" class=\"wp-image-1427 size-full\" srcset=\"https:\/\/pie.ch\/wordpress\/wp-content\/uploads\/2023\/06\/cdaq1.jpg 812w, https:\/\/pie.ch\/wordpress\/wp-content\/uploads\/2023\/06\/cdaq1-300x185.jpg 300w, https:\/\/pie.ch\/wordpress\/wp-content\/uploads\/2023\/06\/cdaq1-768x473.jpg 768w, https:\/\/pie.ch\/wordpress\/wp-content\/uploads\/2023\/06\/cdaq1-18x12.jpg 18w\" sizes=\"(max-width: 812px) 100vw, 812px\" \/><\/figure><div class=\"wp-block-media-text__content\">\n<p class=\"translation-block\">Ethernet switch<br>Daisy chain 24 VDC supply<br>Encoder supplies<br>32 x temperature measurements (thermocouples)<br>8 x analog inputs (0-20 mA)<br>4 x analog inputs (0-10 mV)<br>16 x analog inputs (0-10 V)<\/p>\n<\/div><\/div>\n\n\n\n<div style=\"height:33px\" aria-hidden=\"true\" class=\"wp-block-spacer\"><\/div>\n\n\n\n<div class=\"wp-block-media-text alignwide is-stacked-on-mobile\" style=\"grid-template-columns:40% auto\"><figure class=\"wp-block-media-text__media\"><img loading=\"lazy\" decoding=\"async\" width=\"804\" height=\"664\" src=\"https:\/\/pie.ch\/wordpress\/wp-content\/uploads\/2023\/06\/cdaq2.jpg\" alt=\"\" class=\"wp-image-1428 size-full\" srcset=\"https:\/\/pie.ch\/wordpress\/wp-content\/uploads\/2023\/06\/cdaq2.jpg 804w, https:\/\/pie.ch\/wordpress\/wp-content\/uploads\/2023\/06\/cdaq2-300x248.jpg 300w, https:\/\/pie.ch\/wordpress\/wp-content\/uploads\/2023\/06\/cdaq2-768x634.jpg 768w, https:\/\/pie.ch\/wordpress\/wp-content\/uploads\/2023\/06\/cdaq2-15x12.jpg 15w\" sizes=\"(max-width: 804px) 100vw, 804px\" \/><\/figure><div class=\"wp-block-media-text__content\">\n<p class=\"has-text-align-left translation-block\">Operating temperature: -20 \u00b0C to 55 \u00b0C<br>Size: 450 x 280 x 200 mm<br>Measuring accuracy (resolution): 24-bit<br>Sampling: 1-100 Hz<br>Weight: 7.4 kg<br>Power consumption: 22 W<\/p>\n<\/div><\/div>","protected":false},"excerpt":{"rendered":"<p>cRIO Systemintegration Beispiel System: NETbase F\u00fcr Messungen an Grossanlagen rund um den Globus entwickelt PI Electronics AG kompakte und erweiterbare Messsysteme. An diese Systeme werden h\u00f6chste Anspr\u00fcche bez\u00fcglich den Einsatzorten sowie den verschiedenen Messauftr\u00e4gen gestellt. Messungen k\u00f6nnen z.B. auf hoher See oder an entlegenen Standorten stattfinden. Es m\u00fcssen starke Temperaturschwankungen abgedeckt werden und die Messzeit&hellip;&nbsp;<a href=\"https:\/\/pie.ch\/en\/dienstleistungen\/systemintegration\/\" class=\"\" rel=\"bookmark\">Read More &raquo;<span class=\"screen-reader-text\">System Integration<\/span><\/a><\/p>","protected":false},"author":1,"featured_media":0,"parent":36,"menu_order":0,"comment_status":"closed","ping_status":"closed","template":"","meta":{"neve_meta_sidebar":"full-width","neve_meta_container":"","neve_meta_enable_content_width":"on","neve_meta_content_width":100,"neve_meta_title_alignment":"","neve_meta_author_avatar":"","neve_post_elements_order":"","neve_meta_disable_header":"","neve_meta_disable_footer":"","neve_meta_disable_title":"","footnotes":""},"_links":{"self":[{"href":"https:\/\/pie.ch\/en\/wp-json\/wp\/v2\/pages\/1417"}],"collection":[{"href":"https:\/\/pie.ch\/en\/wp-json\/wp\/v2\/pages"}],"about":[{"href":"https:\/\/pie.ch\/en\/wp-json\/wp\/v2\/types\/page"}],"author":[{"embeddable":true,"href":"https:\/\/pie.ch\/en\/wp-json\/wp\/v2\/users\/1"}],"replies":[{"embeddable":true,"href":"https:\/\/pie.ch\/en\/wp-json\/wp\/v2\/comments?post=1417"}],"version-history":[{"count":32,"href":"https:\/\/pie.ch\/en\/wp-json\/wp\/v2\/pages\/1417\/revisions"}],"predecessor-version":[{"id":1471,"href":"https:\/\/pie.ch\/en\/wp-json\/wp\/v2\/pages\/1417\/revisions\/1471"}],"up":[{"embeddable":true,"href":"https:\/\/pie.ch\/en\/wp-json\/wp\/v2\/pages\/36"}],"wp:attachment":[{"href":"https:\/\/pie.ch\/en\/wp-json\/wp\/v2\/media?parent=1417"}],"curies":[{"name":"wp","href":"https:\/\/api.w.org\/{rel}","templated":true}]}}