{"id":1867,"date":"2025-12-19T12:09:50","date_gmt":"2025-12-19T12:09:50","guid":{"rendered":"https:\/\/pie.ch\/?page_id=1867"},"modified":"2026-01-06T09:18:18","modified_gmt":"2026-01-06T09:18:18","slug":"elektronikprojekte","status":"publish","type":"page","link":"https:\/\/pie.ch\/en\/elektronikprojekte\/","title":{"rendered":"Electronics"},"content":{"rendered":"<div class=\"wp-block-media-text has-media-on-the-right is-stacked-on-mobile\" style=\"grid-template-columns:auto 25%\"><div class=\"wp-block-media-text__content\">\n<h3 class=\"wp-block-heading\">IoT Devices<\/h3>\n\n\n\n<p>The pictured <strong>IoT Sensor<\/strong> was developed by PI Electronics AG for early detection of polygon formation in trams. <\/p>\n\n\n\n<p>Customer requirements are often very specific in the IoT area. We are therefore happy to support you with our know-how in your project.<\/p>\n\n\n\n<div class=\"wp-block-buttons is-layout-flex wp-block-buttons-is-layout-flex\">\n<div class=\"wp-block-button aligncenter is-style-primary\"><a class=\"wp-block-button__link has-neve-link-color-background-color has-background wp-element-button\" href=\"https:\/\/pie.ch\/en\/iot-devices\/\">further information<\/a><\/div>\n<\/div>\n<\/div><figure class=\"wp-block-media-text__media\"><img loading=\"lazy\" decoding=\"async\" width=\"1011\" height=\"798\" src=\"https:\/\/pie.ch\/wordpress\/wp-content\/uploads\/2022\/11\/Sensor2.png\" alt=\"\" class=\"wp-image-1122 size-full\" srcset=\"https:\/\/pie.ch\/wordpress\/wp-content\/uploads\/2022\/11\/Sensor2.png 1011w, https:\/\/pie.ch\/wordpress\/wp-content\/uploads\/2022\/11\/Sensor2-300x237.png 300w, https:\/\/pie.ch\/wordpress\/wp-content\/uploads\/2022\/11\/Sensor2-768x606.png 768w, https:\/\/pie.ch\/wordpress\/wp-content\/uploads\/2022\/11\/Sensor2-15x12.png 15w\" sizes=\"(max-width: 1011px) 100vw, 1011px\" \/><\/figure><\/div>\n\n\n\n<hr class=\"wp-block-separator has-alpha-channel-opacity\"\/>\n\n\n\n<div class=\"wp-block-media-text has-media-on-the-right is-stacked-on-mobile\" style=\"grid-template-columns:auto 25%\"><div class=\"wp-block-media-text__content\">\n<h3 class=\"wp-block-heading\">Single Channel Voltage Amplifier<\/h3>\n\n\n\n<p>Der einkanalige Spannungsvorverst\u00e4rker (SCVA) zeichnet sich durch einen sehr hochohmigen und rauscharmen differentiellen Eingang aus. Verlustfreie Messungen bis 300kHz in Verbindung mit sehr hochohmigen Quellen bieten vielf\u00e4ltige Anwendungsgebiete. Die Verst\u00e4rkung von 1, 10, 100 oder 1000 sowie weitere Einstellungen k\u00f6nnen \u00fcber die mitgelieferte Software den Bed\u00fcrfnissen angepasst werden.<\/p>\n\n\n\n<p> We are happy to provide a non-binding cost estimate or answer any questions you may have about the equipment.<\/p>\n\n\n\n<div class=\"wp-block-button aligncenter is-style-primary\"><a class=\"wp-block-button__link has-nv-site-bg-color has-neve-link-color-background-color has-text-color has-background wp-element-button\" href=\"https:\/\/pie.ch\/wordpress\/wp-content\/uploads\/2022\/12\/PI666-SCVA_Single-Channel-Voltage-Amplifier-EN.pdf\" target=\"_blank\" rel=\"noreferrer noopener\">Datasheet SCVA<\/a><\/div>\n<\/div><figure class=\"wp-block-media-text__media\"><img loading=\"lazy\" decoding=\"async\" width=\"1024\" height=\"626\" src=\"https:\/\/pie.ch\/wordpress\/wp-content\/uploads\/2022\/12\/SCVA_Front_1_red-1024x626.jpg\" alt=\"\" class=\"wp-image-1134 size-full\" srcset=\"https:\/\/pie.ch\/wordpress\/wp-content\/uploads\/2022\/12\/SCVA_Front_1_red-1024x626.jpg 1024w, https:\/\/pie.ch\/wordpress\/wp-content\/uploads\/2022\/12\/SCVA_Front_1_red-300x183.jpg 300w, https:\/\/pie.ch\/wordpress\/wp-content\/uploads\/2022\/12\/SCVA_Front_1_red-768x469.jpg 768w, https:\/\/pie.ch\/wordpress\/wp-content\/uploads\/2022\/12\/SCVA_Front_1_red-18x12.jpg 18w, https:\/\/pie.ch\/wordpress\/wp-content\/uploads\/2022\/12\/SCVA_Front_1_red.jpg 1964w\" sizes=\"(max-width: 1024px) 100vw, 1024px\" \/><\/figure><\/div>\n\n\n\n<hr class=\"wp-block-separator has-alpha-channel-opacity\"\/>\n\n\n\n<div class=\"wp-block-media-text has-media-on-the-right is-stacked-on-mobile\" style=\"grid-template-columns:auto 25%\"><div class=\"wp-block-media-text__content\">\n<h3 class=\"wp-block-heading\">Versatile Trigger Unit<\/h3>\n\n\n\n<p>The&nbsp;<strong>Versatile Trigger Unit<\/strong>&nbsp;converts the output signals of sensors into a digital 5V- and 12V-signal. The integrated, automatic scaling speeds up the operation of the device and the integrated, digital signal processing makes even the processing of complex signals possible. <\/p>\n\n\n\n<div class=\"wp-block-buttons is-layout-flex wp-block-buttons-is-layout-flex\">\n<div class=\"wp-block-button aligncenter is-style-primary\"><a class=\"wp-block-button__link has-neve-link-color-background-color has-background wp-element-button\" href=\"https:\/\/pie.ch\/en\/versatile-trigger-unit\/\">further information<\/a><\/div>\n<\/div>\n<\/div><figure class=\"wp-block-media-text__media\"><img loading=\"lazy\" decoding=\"async\" width=\"600\" height=\"347\" src=\"https:\/\/pie.ch\/wordpress\/wp-content\/uploads\/2020\/01\/Versatile_Trigger_Unit.jpg\" alt=\"\" class=\"wp-image-54 size-full\" srcset=\"https:\/\/pie.ch\/wordpress\/wp-content\/uploads\/2020\/01\/Versatile_Trigger_Unit.jpg 600w, https:\/\/pie.ch\/wordpress\/wp-content\/uploads\/2020\/01\/Versatile_Trigger_Unit-300x174.jpg 300w\" sizes=\"(max-width: 600px) 100vw, 600px\" \/><\/figure><\/div>\n\n\n\n<hr class=\"wp-block-separator has-alpha-channel-opacity\"\/>\n\n\n\n<div class=\"wp-block-media-text has-media-on-the-right is-stacked-on-mobile\" style=\"grid-template-columns:auto 25%\"><div class=\"wp-block-media-text__content\">\n<h3 class=\"wp-block-heading has-text-align-left\">Pressure measuring systems<\/h3>\n\n\n\n<p class=\"has-text-align-left\">For our partner company&nbsp;<a rel=\"noreferrer noopener\" href=\"https:\/\/dmt-gmbh.com\/\" target=\"_blank\">DMT Druckmesstechnik GmbH<\/a>&nbsp;vertreiben wir Druckmesssysteme exklusiv f\u00fcr die Schweiz. Diese Drucksysteme sind in SILANA und auch in anderen von uns erstellten Erfassungssystemen integriert.<\/p>\n<\/div><figure class=\"wp-block-media-text__media\"><img loading=\"lazy\" decoding=\"async\" width=\"600\" height=\"602\" src=\"https:\/\/pie.ch\/wordpress\/wp-content\/uploads\/2020\/01\/PSI_9116-1.gif\" alt=\"\" class=\"wp-image-55 size-full\"\/><\/figure><\/div>\n\n\n\n<hr class=\"wp-block-separator has-alpha-channel-opacity\"\/>\n\n\n\n<div class=\"wp-block-media-text has-media-on-the-right is-stacked-on-mobile\" style=\"grid-template-columns:auto 25%\"><div class=\"wp-block-media-text__content\">\n<h3 class=\"wp-block-heading\">Extension Modul with 32 Relais for C-Series Module<\/h3>\n\n\n\n<p>The expansion module enables the control of 32 independent relays with a single C-Series module in a cRIO or cDAQ chassis from NI.<\/p>\n\n\n\n<div class=\"wp-block-button aligncenter is-style-primary\"><a class=\"wp-block-button__link has-neve-link-color-background-color has-background wp-element-button\" href=\"https:\/\/pie.ch\/en\/erweiterungsmodul-mit-32-relais\/\">further information<\/a><\/div>\n<\/div><figure class=\"wp-block-media-text__media\"><img loading=\"lazy\" decoding=\"async\" width=\"1024\" height=\"736\" src=\"https:\/\/pie.ch\/wordpress\/wp-content\/uploads\/2020\/07\/Erweiterungsmodul-32-Relais-1024x736.jpg\" alt=\"Erweiterungsmodul mit 32 Relais f\u00fcr C-Serie Module\" class=\"wp-image-537 size-full\" srcset=\"https:\/\/pie.ch\/wordpress\/wp-content\/uploads\/2020\/07\/Erweiterungsmodul-32-Relais-1024x736.jpg 1024w, https:\/\/pie.ch\/wordpress\/wp-content\/uploads\/2020\/07\/Erweiterungsmodul-32-Relais-300x216.jpg 300w, https:\/\/pie.ch\/wordpress\/wp-content\/uploads\/2020\/07\/Erweiterungsmodul-32-Relais-768x552.jpg 768w\" sizes=\"(max-width: 1024px) 100vw, 1024px\" \/><\/figure><\/div>\n\n\n\n<hr class=\"wp-block-separator has-alpha-channel-opacity\"\/>\n\n\n\n<div class=\"wp-block-media-text has-media-on-the-right is-stacked-on-mobile\" style=\"grid-template-columns:auto 25%\"><div class=\"wp-block-media-text__content\">\n<h3 class=\"wp-block-heading\">ORION \u2013 Rotor Dynamics Vibration Measuring System<\/h3>\n\n\n\n<p> We supported our partner company <a href=\"https:\/\/www.elstar.com\/\">Elstar Elektronik AG<\/a> in the development of the multi-channel vibration measurement system ORION from prototype to series device. <\/p>\n\n\n\n<div class=\"wp-block-button aligncenter is-style-primary\"><a class=\"wp-block-button__link has-white-color has-neve-link-color-background-color has-text-color has-background wp-element-button\" href=\"https:\/\/www.elstar.com\/products\/vibration-measurement\/rotating-machinery\/214-elstar-orion-rotor-dynamics-vibration-measuring-system.html\" target=\"_blank\" rel=\"noreferrer noopener\">More Information (EXTERN)<\/a><\/div>\n\n\n\n<div style=\"height:13px\" aria-hidden=\"true\" class=\"wp-block-spacer\"><\/div>\n\n\n\n<div class=\"wp-block-button aligncenter is-style-primary\"><a class=\"wp-block-button__link has-white-color has-neve-link-color-background-color has-text-color has-background wp-element-button\" href=\"https:\/\/pie.ch\/wordpress\/wp-content\/uploads\/2021\/04\/Orion_specification_20181010.pdf\" target=\"_blank\" rel=\"noreferrer noopener\">Datasheet ORION<\/a><\/div>\n<\/div><figure class=\"wp-block-media-text__media\"><img loading=\"lazy\" decoding=\"async\" width=\"472\" height=\"480\" src=\"https:\/\/pie.ch\/wordpress\/wp-content\/uploads\/2021\/04\/PI-Products_Orion.jpg\" alt=\"\" class=\"wp-image-790 size-full\" srcset=\"https:\/\/pie.ch\/wordpress\/wp-content\/uploads\/2021\/04\/PI-Products_Orion.jpg 472w, https:\/\/pie.ch\/wordpress\/wp-content\/uploads\/2021\/04\/PI-Products_Orion-295x300.jpg 295w, https:\/\/pie.ch\/wordpress\/wp-content\/uploads\/2021\/04\/PI-Products_Orion-12x12.jpg 12w\" sizes=\"(max-width: 472px) 100vw, 472px\" \/><\/figure><\/div>\n\n\n\n<div style=\"height:100px\" aria-hidden=\"true\" class=\"wp-block-spacer\"><\/div>","protected":false},"excerpt":{"rendered":"<p>Druckmesssysteme F\u00fcr unsere Partnerfirma&nbsp;DMT Druckmesstechnik GmbH&nbsp;vertreiben wir Druckmesssysteme exklusiv f\u00fcr die Schweiz. Diese Drucksysteme sind in SILANA und auch in anderen von uns erstellten Erfassungssystemen integriert.<\/p>","protected":false},"author":2,"featured_media":0,"parent":0,"menu_order":0,"comment_status":"closed","ping_status":"closed","template":"","meta":{"neve_meta_sidebar":"","neve_meta_container":"","neve_meta_enable_content_width":"","neve_meta_content_width":0,"neve_meta_title_alignment":"","neve_meta_author_avatar":"","neve_post_elements_order":"","neve_meta_disable_header":"","neve_meta_disable_footer":"","neve_meta_disable_title":"","footnotes":""},"_links":{"self":[{"href":"https:\/\/pie.ch\/en\/wp-json\/wp\/v2\/pages\/1867"}],"collection":[{"href":"https:\/\/pie.ch\/en\/wp-json\/wp\/v2\/pages"}],"about":[{"href":"https:\/\/pie.ch\/en\/wp-json\/wp\/v2\/types\/page"}],"author":[{"embeddable":true,"href":"https:\/\/pie.ch\/en\/wp-json\/wp\/v2\/users\/2"}],"replies":[{"embeddable":true,"href":"https:\/\/pie.ch\/en\/wp-json\/wp\/v2\/comments?post=1867"}],"version-history":[{"count":8,"href":"https:\/\/pie.ch\/en\/wp-json\/wp\/v2\/pages\/1867\/revisions"}],"predecessor-version":[{"id":1918,"href":"https:\/\/pie.ch\/en\/wp-json\/wp\/v2\/pages\/1867\/revisions\/1918"}],"wp:attachment":[{"href":"https:\/\/pie.ch\/en\/wp-json\/wp\/v2\/media?parent=1867"}],"curies":[{"name":"wp","href":"https:\/\/api.w.org\/{rel}","templated":true}]}}