{"id":1944,"date":"2026-04-07T12:26:47","date_gmt":"2026-04-07T12:26:47","guid":{"rendered":"https:\/\/pie.ch\/?page_id=1944"},"modified":"2026-04-07T12:27:18","modified_gmt":"2026-04-07T12:27:18","slug":"sluge-2026","status":"publish","type":"page","link":"https:\/\/pie.ch\/en\/sluge-2026\/","title":{"rendered":"SLUGE 2026"},"content":{"rendered":"<p>\ud835\udde6\ud835\ude04\ud835\uddf6\ud835\ude00\ud835\ude00 \ud835\udddf\ud835\uddee\ud835\uddef\ud835\udde9\ud835\udddc\ud835\uddd8\ud835\uddea \ud835\udde8\ud835\ude00\ud835\uddf2\ud835\uddff \ud835\uddda\ud835\uddff\ud835\uddfc\ud835\ude02\ud835\uddfd &#8211; \ud835\udde6\ud835\udddf\ud835\udde8\ud835\uddda\ud835\uddd8\ud835\udfee\ud835\udff2: LabVIEW Freunde trafen sich in Baden, Schweiz. Zum Netzwerken, Austauschen und Lernen.<br><br>\ud835\udddc\ud835\uddfb \ud835\udded\ud835\uddee\ud835\uddf5\ud835\uddf9\ud835\uddf2\ud835\uddfb<br>\u25cf&nbsp;&nbsp;&gt;160 Anmeldungen<br>\u25cf&nbsp;&nbsp;44 Vortr\u00e4ge von 35 Experten<br>\u25cf&nbsp;&nbsp;6 parallele Tracks<br>\u25cf&nbsp;&nbsp;10 Aussteller<br>\u25cf&nbsp;&nbsp;100% Motivation und Spirit<br><br>\ud835\udff2 \ud835\udde7\ud835\uddff\ud835\uddee\ud835\uddf0\ud835\uddf8\ud835\ude00&nbsp;boten ein vielseitiges und spannendes Lernprogramm<br>#1: LabVIEW Erfolge und NI Updates<br>#2: LabVIEW Skills &amp; Hardware Hands-On<br>#3: Vortr\u00e4ge und Hands-On-Training durch dataTec<br>#4: Innovationen (IoT, AI, Software-Architekturen)<br>#5: Strategien, F\u00fchrung, Soft-Skills, Methoden<br>#6: Freiheit in starren Strukturen (Workshop)<br><br>Ein Highlight des Tages war die Teilnahme von <a href=\"https:\/\/www.linkedin.com\/in\/elijahkerry\/\" target=\"_blank\" rel=\"noreferrer noopener\">Elijah Kerry<\/a> (\ud835\udde8\ud835\udde6\ud835\uddd4) und \ud835\udde0\ud835\uddee\ud835\uddff\ud835\uddf0\ud835\ude02\ud835\ude00 \ud835\udddb\ud835\uddf2\ud835\uddf6\ud835\uddfb\ud835\ude07\ud835\uddf2 (\ud835\uddd7\ud835\uddd8).<br><br>\ud835\uddd9\ud835\uddf2\ud835\uddf2\ud835\uddf1\ud835\uddef\ud835\uddee\ud835\uddf0\ud835\uddf8<br>\u201cGanz herzlichen Dank! Ich bin noch immer total \u00fcberw\u00e4ltigt von diesem grandiosen Tag. Danke f\u00fcr die ganze M\u00fche, die Ihr Euch macht &#8230; und nat\u00fcrlich auch f\u00fcr das &#8222;automatische Zusenden&#8220; des Zertifikats \ud83d\ude09. Es war einfach ein rundum perfekter Anlass, der mir unglaublich viel Freude bereitet hat. Merci vielmals f\u00fcr diesen Motivationsschub!\u201d<br><br>\u201cIch m\u00f6chte mich bei Euch noch herzlich bedanken f\u00fcr den super Event letzten Donnerstag!\u201d<br><br>\u201cVielen Dank euch nochmals f\u00fcr diesen super Event!\u201d<br><br>\u201cWieder absolut top organisiert. Es war eine richtige Bereicherung und wir haben super viel daraus mitnehmen k\u00f6nnen!\u201d<br>\u201cEs wieder einmal mehr richtig Spass gemacht!\u201d<br>\u201cIch fand ich dieses SLUGE sehr harmonisch und genoss den Austausch unter den LabVIEW &#8211; Fans enorm\u201d<br><br>\u201cThanks a lot for the excellent organisation and the warm welcome.The SLUGE26 was a great success.\u201d<br><br>\u201cIch m\u00f6chte mich bedanken und gratulieren zum erfolgreichen Event von gestern. Es war sch\u00f6n, alte Kollegen und Dienstleistern, mit denen wir zusammenarbeiten, wiederzusehen und uns auszutauschen.\u201d<br><br>\u201cIch habe den Anlass, den Austausch und die Atmosph\u00e4re sehr genossen. Gerne wieder!\u201d<br><br>\ud835\uddd7\ud835\uddee\ud835\uddfb\ud835\uddf8\ud835\uddf2!<br>Ein grosses Dankesch\u00f6n geht an Euch \ud835\udde6\ud835\uddfd\ud835\uddf2\ud835\uddee\ud835\uddf8\ud835\uddf2\ud835\uddff \ud835\ude02\ud835\uddfb\ud835\uddf1 \ud835\udde0\ud835\uddfc\ud835\uddf1\ud835\uddf2\ud835\uddff\ud835\uddee\ud835\ude01\ud835\uddfc\ud835\uddff\ud835\uddf2\ud835\uddfb!<br>Nur dank Eurem Knowhow, Eurer Motivation und Eurem Herzblut ist eine Wissensvermittlung auf diesem Niveau m\u00f6glich.<br>Danke Euch \ud835\udddb\ud835\uddee\ud835\ude02\ud835\uddfd\ud835\ude01\ud835\ude00\ud835\uddfd\ud835\uddfc\ud835\uddfb\ud835\ude00\ud835\uddfc\ud835\uddff\ud835\uddf2\ud835\uddfb \ud835\udde1\ud835\udddc\/\ud835\uddd8\ud835\uddfa\ud835\uddf2\ud835\uddff\ud835\ude00\ud835\uddfc\ud835\uddfb \ud835\ude02\ud835\uddfb\ud835\uddf1 \ud835\uddf1\ud835\uddee\ud835\ude01\ud835\uddee\ud835\udde7\ud835\uddf2\ud835\uddf0 f\u00fcr eure tatkr\u00e4ftige Unterst\u00fctzung, auch als Aussteller und Referenten.<br>Last but not least, danke Euch \ud835\uddd4\ud835\ude02\ud835\ude00\ud835\ude00\ud835\ude01\ud835\uddf2\ud835\uddf9\ud835\uddf9\ud835\uddf2\ud835\uddff\ud835\uddfb. Ihr habt den Event bereichert.<br>\ud835\udddb\ud835\uddf2\ud835\uddf9\ud835\uddef\ud835\uddf9\ud835\uddf6\ud835\uddfb\ud835\uddf4 \ud835\udde7\ud835\uddf2\ud835\uddf0\ud835\uddf5\ud835\uddfb\ud835\uddf6\ud835\uddf8, \ud835\udde6\ud835\uddfc\ud835\ude01\ud835\uddff\ud835\uddfc\ud835\uddfb\ud835\uddf6\ud835\uddf8 \ud835\uddda\ud835\uddfa\ud835\uddef\ud835\udddb,&nbsp;\ud835\uddfa\ud835\uddf2\ud835\uddfe\ud835\ude02\ud835\uddee\ud835\uddf1\ud835\uddff\ud835\uddee\ud835\ude01, \ud835\udde7\ud835\uddd4\ud835\udde0\ud835\uddd8\ud835\udde4 \ud835\udde6\ud835\uddd6\ud835\udddb\ud835\uddea\ud835\uddd8\ud835\udddc\ud835\udded, \ud835\udde0\ud835\uddee\ud835\uddf9\ud835\uddf1\ud835\uddfc\ud835\uddfb\ud835\uddf2\ud835\uddff \ud835\uddd8\ud835\uddfb\ud835\uddf4\ud835\uddf6\ud835\uddfb\ud835\uddf2\ud835\uddf2\ud835\uddff\ud835\uddf6\ud835\uddfb\ud835\uddf4, \ud835\udded\u00fc\ud835\uddf5\ud835\uddf9\ud835\uddf8\ud835\uddf2 \ud835\uddd8\ud835\uddfb\ud835\uddf4\ud835\uddf6\ud835\uddfb\ud835\uddf2\ud835\uddf2\ud835\uddff\ud835\uddf6\ud835\uddfb\ud835\uddf4<br><br>\ud835\uddd4\ud835\ude02\ud835\ude00\ud835\uddef\ud835\uddf9\ud835\uddf6\ud835\uddf0\ud835\uddf8<br>\ud835\udde1\ud835\udddc \ud835\udde7\ud835\uddf2\ud835\uddf0\ud835\uddf5 \ud835\uddd9\ud835\uddfc\ud835\uddff\ud835\ude02\ud835\uddfa \ud835\udde6\ud835\ude04\ud835\uddf6\ud835\ude01\ud835\ude07\ud835\uddf2\ud835\uddff\ud835\uddf9\ud835\uddee\ud835\uddfb\ud835\uddf1 \ud835\udfee\ud835\udfec\ud835\udfee\ud835\udff2 &#8211; Z\u00fcrich (30.06.2026)<br><a href=\"https:\/\/events.ni.com\/profile\/web\/index.cfm?PKWebId=0x1582140001\">https:\/\/events.ni.com\/profile\/web\/index.cfm?PKWebId=0x1582140001<\/a><br>\ud835\udde6\ud835\udddf\ud835\udde8\ud835\uddda-\ud835\udde3\ud835\uddee\ud835\uddff\ud835\ude01\ud835\uddfb\ud835\uddf2\ud835\uddff \ud835\uddd8\ud835\ude03\ud835\uddf2\ud835\uddfb\ud835\ude01: \ud835\uddda\ud835\uddd7\ud835\uddf2\ud835\ude03\ud835\uddf0\ud835\uddfc\ud835\uddfb\ud835\udff3 &#8211; Belgien (22-24.09.2026)<br><a href=\"https:\/\/lnkd.in\/ePY2FqMb\" target=\"_blank\" rel=\"noreferrer noopener\">https:\/\/lnkd.in\/ePY2FqMb<\/a><br><br>Bis zum n\u00e4chsten Mal\u2026 \ud835\udddf\ud835\uddee\ud835\uddef\ud835\udde9\ud835\udddc\ud835\uddd8\ud835\uddea \ud835\uddf3\ud835\uddee\ud835\ude00\ud835\ude07\ud835\uddf6\ud835\uddfb\ud835\uddf6\ud835\uddf2\ud835\uddff\ud835\ude01!<br><br>Herzliche Gr\u00fcsse<br><br>\ud835\uddd7\ud835\uddee\ud835\uddfb\ud835\uddf6\ud835\uddf2\ud835\uddf9 \ud835\udde5\ud835\uddfc\ud835\ude01\ud835\uddf5<br><a href=\"mailto:daniel.roth@pie.ch\" target=\"_blank\" rel=\"noreferrer noopener\">daniel.roth@pie.ch<\/a><br><a href=\"https:\/\/pie.ch\/en\/\" target=\"_blank\" rel=\"noreferrer noopener\">www.pie.ch<\/a><br><br>\ud835\udde0\ud835\uddee\ud835\uddff\ud835\uddf0\ud835\uddfc \ud835\udde6\ud835\uddf0\ud835\uddf5\ud835\uddfa\ud835\uddf6\ud835\uddf1<br><a href=\"mailto:marco.schmid@schmid-elektronik.ch\" target=\"_blank\" rel=\"noreferrer noopener\">marco.schmid@schmid-elektronik.ch<\/a><br><a href=\"http:\/\/www.schmid-elektronik.ch\/\" target=\"_blank\" rel=\"noreferrer noopener\">www.schmid-elektronik.ch<\/a><\/p>\n\n\n\n<figure class=\"wp-block-image size-large\"><img loading=\"lazy\" decoding=\"async\" width=\"742\" height=\"1024\" src=\"https:\/\/pie.ch\/wordpress\/wp-content\/uploads\/2026\/04\/SLUGE26-742x1024.jpg\" alt=\"\" class=\"wp-image-1954\" srcset=\"https:\/\/pie.ch\/wordpress\/wp-content\/uploads\/2026\/04\/SLUGE26-742x1024.jpg 742w, https:\/\/pie.ch\/wordpress\/wp-content\/uploads\/2026\/04\/SLUGE26-217x300.jpg 217w, https:\/\/pie.ch\/wordpress\/wp-content\/uploads\/2026\/04\/SLUGE26-768x1060.jpg 768w, https:\/\/pie.ch\/wordpress\/wp-content\/uploads\/2026\/04\/SLUGE26-9x12.jpg 9w, https:\/\/pie.ch\/wordpress\/wp-content\/uploads\/2026\/04\/SLUGE26.jpg 800w\" sizes=\"(max-width: 742px) 100vw, 742px\" \/><\/figure>\n\n\n\n<div style=\"height:142px\" aria-hidden=\"true\" class=\"wp-block-spacer\"><\/div>","protected":false},"excerpt":{"rendered":"<p>\ud835\udde6\ud835\ude04\ud835\uddf6\ud835\ude00\ud835\ude00 \ud835\udddf\ud835\uddee\ud835\uddef\ud835\udde9\ud835\udddc\ud835\uddd8\ud835\uddea \ud835\udde8\ud835\ude00\ud835\uddf2\ud835\uddff \ud835\uddda\ud835\uddff\ud835\uddfc\ud835\ude02\ud835\uddfd &#8211; \ud835\udde6\ud835\udddf\ud835\udde8\ud835\uddda\ud835\uddd8\ud835\udfee\ud835\udff2: LabVIEW Freunde trafen sich in Baden, Schweiz. Zum Netzwerken, Austauschen und Lernen. \ud835\udddc\ud835\uddfb \ud835\udded\ud835\uddee\ud835\uddf5\ud835\uddf9\ud835\uddf2\ud835\uddfb\u25cf&nbsp;&nbsp;&gt;160 Anmeldungen\u25cf&nbsp;&nbsp;44 Vortr\u00e4ge von 35 Experten\u25cf&nbsp;&nbsp;6 parallele Tracks\u25cf&nbsp;&nbsp;10 Aussteller\u25cf&nbsp;&nbsp;100% Motivation und Spirit \ud835\udff2 \ud835\udde7\ud835\uddff\ud835\uddee\ud835\uddf0\ud835\uddf8\ud835\ude00&nbsp;boten ein vielseitiges und spannendes Lernprogramm#1: LabVIEW Erfolge und NI Updates#2: LabVIEW Skills &amp; Hardware Hands-On#3: Vortr\u00e4ge und Hands-On-Training durch dataTec#4: Innovationen (IoT,&hellip;&nbsp;<a href=\"https:\/\/pie.ch\/en\/sluge-2026\/\" class=\"\" rel=\"bookmark\">Read More &raquo;<span class=\"screen-reader-text\">SLUGE 2026<\/span><\/a><\/p>","protected":false},"author":2,"featured_media":0,"parent":0,"menu_order":0,"comment_status":"closed","ping_status":"closed","template":"","meta":{"neve_meta_sidebar":"","neve_meta_container":"","neve_meta_enable_content_width":"","neve_meta_content_width":0,"neve_meta_title_alignment":"","neve_meta_author_avatar":"","neve_post_elements_order":"","neve_meta_disable_header":"","neve_meta_disable_footer":"","neve_meta_disable_title":"","footnotes":""},"_links":{"self":[{"href":"https:\/\/pie.ch\/en\/wp-json\/wp\/v2\/pages\/1944"}],"collection":[{"href":"https:\/\/pie.ch\/en\/wp-json\/wp\/v2\/pages"}],"about":[{"href":"https:\/\/pie.ch\/en\/wp-json\/wp\/v2\/types\/page"}],"author":[{"embeddable":true,"href":"https:\/\/pie.ch\/en\/wp-json\/wp\/v2\/users\/2"}],"replies":[{"embeddable":true,"href":"https:\/\/pie.ch\/en\/wp-json\/wp\/v2\/comments?post=1944"}],"version-history":[{"count":5,"href":"https:\/\/pie.ch\/en\/wp-json\/wp\/v2\/pages\/1944\/revisions"}],"predecessor-version":[{"id":1956,"href":"https:\/\/pie.ch\/en\/wp-json\/wp\/v2\/pages\/1944\/revisions\/1956"}],"wp:attachment":[{"href":"https:\/\/pie.ch\/en\/wp-json\/wp\/v2\/media?parent=1944"}],"curies":[{"name":"wp","href":"https:\/\/api.w.org\/{rel}","templated":true}]}}