{"id":300,"date":"2020-02-25T10:31:59","date_gmt":"2020-02-25T10:31:59","guid":{"rendered":"http:\/\/new.pie.ch\/?page_id=300"},"modified":"2025-12-02T16:26:17","modified_gmt":"2025-12-02T16:26:17","slug":"modularer-test-sequenzer","status":"publish","type":"page","link":"https:\/\/pie.ch\/en\/modularer-test-sequenzer\/","title":{"rendered":"Modular Test Sequencer"},"content":{"rendered":"<h2 class=\"wp-block-heading\">Framework for automated functional testing<\/h2>\n\n\n\n<p>MTS is a framework for automated functional testing in manufacturing. The test modules can be developed by the user under LabVIEW and then imported as test steps. The application offers an interface for automated evaluation and logging of the individual test steps. Further processing of the results with other tools is facilitated by the fixed, table-oriented ASCII format of the protocols. <\/p>\n\n\n\n<h3 class=\"wp-block-heading\">Features<\/h3>\n\n\n\n<ul>\n<li>Compilation of the test procedure via Drag&amp;Drop<\/li>\n\n\n\n<li>Test modules based on LabVIEW VI's <\/li>\n\n\n\n<li>Configuration of the modules directly on the front panel<\/li>\n\n\n\n<li>Step function for commissioning and debugging<\/li>\n\n\n\n<li>Loop facility for test sequence sections<\/li>\n\n\n\n<li>Automated evaluation and logging <\/li>\n<\/ul>\n\n\n<div class=\"wp-block-image\">\n<figure class=\"aligncenter\"><img loading=\"lazy\" decoding=\"async\" width=\"1024\" height=\"807\" src=\"https:\/\/pie.ch\/wordpress\/wp-content\/uploads\/2020\/03\/MTS-1024x807.png\" alt=\"\" class=\"wp-image-421\" srcset=\"https:\/\/pie.ch\/wordpress\/wp-content\/uploads\/2020\/03\/MTS-1024x807.png 1024w, https:\/\/pie.ch\/wordpress\/wp-content\/uploads\/2020\/03\/MTS-300x236.png 300w, https:\/\/pie.ch\/wordpress\/wp-content\/uploads\/2020\/03\/MTS-768x605.png 768w, https:\/\/pie.ch\/wordpress\/wp-content\/uploads\/2020\/03\/MTS.png 1280w\" sizes=\"(max-width: 1024px) 100vw, 1024px\" \/><\/figure><\/div>\n\n\n<div style=\"height:44px\" aria-hidden=\"true\" class=\"wp-block-spacer\"><\/div>\n\n\n\n<figure class=\"wp-block-video\"><video autoplay controls loop src=\"https:\/\/pie.ch\/wordpress\/wp-content\/uploads\/2024\/04\/MTSWerbevideoReducedQuality.mp4\"><\/video><\/figure>\n\n\n\n<p><strong>Contact us for a LIVE demo<\/strong><\/p>\n\n\n\n<h3 class=\"wp-block-heading\">Downloads Documents<\/h3>\n\n\n\n<div class=\"wp-block-buttons is-layout-flex wp-block-buttons-is-layout-flex\">\n<div class=\"wp-block-button\"><a class=\"wp-block-button__link has-neve-link-color-background-color has-background wp-element-button\" href=\"https:\/\/pie.ch\/wordpress\/wp-content\/uploads\/2025\/08\/PI506-MTS_Product-Flyer_DE.pdf\" target=\"_blank\" rel=\"noreferrer noopener\">Product Flyer DE<\/a><\/div>\n<\/div>\n\n\n\n<div style=\"height:20px\" aria-hidden=\"true\" class=\"wp-block-spacer\"><\/div>\n\n\n\n<div class=\"wp-block-buttons is-layout-flex wp-block-buttons-is-layout-flex\">\n<div class=\"wp-block-button\"><a class=\"wp-block-button__link has-neve-link-color-background-color has-background wp-element-button\" href=\"https:\/\/pie.ch\/wordpress\/wp-content\/uploads\/2025\/08\/PI506-MTS_Product-Flyer_EN.pdf\" target=\"_blank\" rel=\"noreferrer noopener\">Product Flyer EN<\/a><\/div>\n<\/div>\n\n\n\n<div style=\"height:20px\" aria-hidden=\"true\" class=\"wp-block-spacer\"><\/div>\n\n\n\n<div class=\"wp-block-buttons is-layout-flex wp-block-buttons-is-layout-flex\">\n<div class=\"wp-block-button\"><a class=\"wp-block-button__link has-neve-link-color-background-color has-background wp-element-button\" href=\"https:\/\/pie.ch\/wordpress\/wp-content\/uploads\/2024\/11\/PI506-MTS_Operating-Manual_EN_R2.3.pdf\" target=\"_blank\" rel=\"noreferrer noopener\">Operating Manual<\/a><\/div>\n<\/div>\n\n\n\n<div style=\"height:20px\" aria-hidden=\"true\" class=\"wp-block-spacer\"><\/div>\n\n\n\n<h3 class=\"wp-block-heading\">Download Software<\/h3>\n\n\n\n<div class=\"wp-block-button alignleft\"><a class=\"wp-block-button__link has-neve-link-color-background-color has-background wp-element-button\" href=\"https:\/\/gofile.me\/7N6bC\/6IEAPaLx1\" target=\"_blank\" rel=\"noreferrer noopener\">Download MTS<\/a><\/div>","protected":false},"excerpt":{"rendered":"<p>Framework f\u00fcr automatisierte Funktionstests MTS ist ein Framework f\u00fcr automatisierte Funktionstests in der Fertigung. Dabei k\u00f6nnen die Testmodule vom Anwender selbst unter LabVIEW entwickelt und anschliessend als Testschritte importiert werden. Die Applikation bietet eine Schnittstelle zur automatisierten Auswertung und Protokollierung der einzelnen Testschritte. Eine Weiter\u00adverarbeitung der Resultate mit anderen Tools wird durch das fixe, tabellenorientierte&hellip;&nbsp;<a href=\"https:\/\/pie.ch\/en\/modularer-test-sequenzer\/\" class=\"\" rel=\"bookmark\">Read More &raquo;<span class=\"screen-reader-text\">Modular Test Sequencer<\/span><\/a><\/p>","protected":false},"author":1,"featured_media":0,"parent":0,"menu_order":0,"comment_status":"closed","ping_status":"closed","template":"","meta":{"neve_meta_sidebar":"full-width","neve_meta_container":"","neve_meta_enable_content_width":"on","neve_meta_content_width":100,"neve_meta_title_alignment":"","neve_meta_author_avatar":"","neve_post_elements_order":"","neve_meta_disable_header":"","neve_meta_disable_footer":"","neve_meta_disable_title":"","footnotes":""},"_links":{"self":[{"href":"https:\/\/pie.ch\/en\/wp-json\/wp\/v2\/pages\/300"}],"collection":[{"href":"https:\/\/pie.ch\/en\/wp-json\/wp\/v2\/pages"}],"about":[{"href":"https:\/\/pie.ch\/en\/wp-json\/wp\/v2\/types\/page"}],"author":[{"embeddable":true,"href":"https:\/\/pie.ch\/en\/wp-json\/wp\/v2\/users\/1"}],"replies":[{"embeddable":true,"href":"https:\/\/pie.ch\/en\/wp-json\/wp\/v2\/comments?post=300"}],"version-history":[{"count":26,"href":"https:\/\/pie.ch\/en\/wp-json\/wp\/v2\/pages\/300\/revisions"}],"predecessor-version":[{"id":1805,"href":"https:\/\/pie.ch\/en\/wp-json\/wp\/v2\/pages\/300\/revisions\/1805"}],"wp:attachment":[{"href":"https:\/\/pie.ch\/en\/wp-json\/wp\/v2\/media?parent=300"}],"curies":[{"name":"wp","href":"https:\/\/api.w.org\/{rel}","templated":true}]}}