{"id":68,"date":"2020-01-10T14:20:06","date_gmt":"2020-01-10T14:20:06","guid":{"rendered":"http:\/\/192.168.1.205\/wordpress\/?page_id=68"},"modified":"2023-06-01T12:48:23","modified_gmt":"2023-06-01T12:48:23","slug":"elektronik-entwicklung","status":"publish","type":"page","link":"https:\/\/pie.ch\/en\/elektronik-entwicklung\/","title":{"rendered":"Electronics Development"},"content":{"rendered":"<p class=\"translation-block\">PI Electronics AG develops innovative, <strong>customized hardware solutions<\/strong>. As specialists in the field of electronics, we support customers from classic industry to new business areas in start-ups. From prototypes to system components ready for series production, we implement the best solution for your requirements.<\/p>\n\n\n\n<hr class=\"wp-block-separator has-alpha-channel-opacity\"\/>\n\n\n\n<div class=\"wp-block-media-text alignwide has-media-on-the-right is-stacked-on-mobile\" style=\"grid-template-columns:auto 44%\"><div class=\"wp-block-media-text__content\">\n<h2 class=\"wp-block-heading\">Examples of implemented applications<\/h2>\n\n\n\n<ul>\n<li>Wireless sensors for IoT applications<\/li>\n\n\n\n<li>Precise, top-class analog measurement technology (low noise, high speed, low power, high precision) <\/li>\n\n\n\n<li>High-resolution and fast, non-contact temperature measurement (e.g. for rotating machines)<\/li>\n\n\n\n<li>Analog and digital triggering for various applications<\/li>\n\n\n\n<li>EMC-compliant circuit design for maximum reliability in environments with strong electrical and magnetic interference <\/li>\n\n\n\n<li>Application-specific \"process front ends\" for existing or purchased hardware such as NI-cRIO and NI-FlexRIO<\/li>\n<\/ul>\n<\/div><figure class=\"wp-block-media-text__media\"><img loading=\"lazy\" decoding=\"async\" width=\"1024\" height=\"768\" src=\"https:\/\/pie.ch\/wordpress\/wp-content\/uploads\/2020\/02\/HW_Entwicklung-1024x768.jpg\" alt=\"\" class=\"wp-image-321 size-full\" srcset=\"https:\/\/pie.ch\/wordpress\/wp-content\/uploads\/2020\/02\/HW_Entwicklung-1024x768.jpg 1024w, https:\/\/pie.ch\/wordpress\/wp-content\/uploads\/2020\/02\/HW_Entwicklung-300x225.jpg 300w, https:\/\/pie.ch\/wordpress\/wp-content\/uploads\/2020\/02\/HW_Entwicklung-768x576.jpg 768w, https:\/\/pie.ch\/wordpress\/wp-content\/uploads\/2020\/02\/HW_Entwicklung.jpg 1600w\" sizes=\"(max-width: 1024px) 100vw, 1024px\" \/><\/figure><\/div>\n\n\n\n<hr class=\"wp-block-separator has-css-opacity\"\/>\n\n\n\n<div class=\"wp-block-media-text alignwide is-stacked-on-mobile\"><figure class=\"wp-block-media-text__media\"><img loading=\"lazy\" decoding=\"async\" width=\"600\" height=\"260\" src=\"https:\/\/pie.ch\/wordpress\/wp-content\/uploads\/2020\/02\/cRIO_Alstom_small.jpg\" alt=\"\" class=\"wp-image-274 size-full\" srcset=\"https:\/\/pie.ch\/wordpress\/wp-content\/uploads\/2020\/02\/cRIO_Alstom_small.jpg 600w, https:\/\/pie.ch\/wordpress\/wp-content\/uploads\/2020\/02\/cRIO_Alstom_small-300x130.jpg 300w\" sizes=\"(max-width: 600px) 100vw, 600px\" \/><\/figure><div class=\"wp-block-media-text__content\">\n<h2 class=\"wp-block-heading\">cRIO Module Development<\/h2>\n\n\n\n<p class=\"translation-block\">PI Electronics AG develops customer-specific IO modules for NI CompactRIO systems. The already versatile platform is offered even better application options through the <strong>specific development of IO modules<\/strong>. The robust design and the extended temperature range of use guarantee flexibility and reliability even under difficult environmental conditions.<\/p>\n<\/div><\/div>\n\n\n\n<hr class=\"wp-block-separator has-css-opacity\"\/>\n\n\n\n<div class=\"wp-block-media-text alignwide has-media-on-the-right is-stacked-on-mobile\" style=\"grid-template-columns:auto 37%\"><div class=\"wp-block-media-text__content\">\n<h3 class=\"wp-block-heading\">IoT Devices<\/h3>\n\n\n\n<p>The pictured <strong>IoT Sensor<\/strong> was developed by PI Electronics AG for early detection of polygon formation in trams. <\/p>\n\n\n\n<p>Customer requirements are often very specific in the IoT area. We are therefore happy to support you with our know-how in your project.<\/p>\n<\/div><figure class=\"wp-block-media-text__media\"><img loading=\"lazy\" decoding=\"async\" width=\"1011\" height=\"798\" src=\"https:\/\/pie.ch\/wordpress\/wp-content\/uploads\/2022\/11\/Sensor2.png\" alt=\"\" class=\"wp-image-1122 size-full\" srcset=\"https:\/\/pie.ch\/wordpress\/wp-content\/uploads\/2022\/11\/Sensor2.png 1011w, https:\/\/pie.ch\/wordpress\/wp-content\/uploads\/2022\/11\/Sensor2-300x237.png 300w, https:\/\/pie.ch\/wordpress\/wp-content\/uploads\/2022\/11\/Sensor2-768x606.png 768w, https:\/\/pie.ch\/wordpress\/wp-content\/uploads\/2022\/11\/Sensor2-15x12.png 15w\" sizes=\"(max-width: 1011px) 100vw, 1011px\" \/><\/figure><\/div>\n\n\n\n<hr class=\"wp-block-separator has-alpha-channel-opacity\"\/>\n\n\n\n<div class=\"wp-block-media-text alignwide is-stacked-on-mobile\" style=\"grid-template-columns:40% auto\"><figure class=\"wp-block-media-text__media\"><img loading=\"lazy\" decoding=\"async\" width=\"1024\" height=\"768\" src=\"https:\/\/pie.ch\/wordpress\/wp-content\/uploads\/2020\/02\/Hardware_FPGA-1024x768.jpg\" alt=\"\" class=\"wp-image-319 size-full\" srcset=\"\" sizes=\"(max-width: 1024px) 100vw, 1024px\" data-srcset=\"\" \/><\/figure><div class=\"wp-block-media-text__content\">\n<h2 class=\"wp-block-heading\">FlexRIO Adapter Modules<\/h2>\n\n\n\n<p>NI's FlexRIO concept builds on an NI FPGA card in a PXI, PXIe, or standalone system. NI offers more than 30 adapter modules for various applications. <\/p>\n\n\n\n<p>For special needs, PI Electronics AG develops requirement-specific adapter modules. <\/p>\n<\/div><\/div>\n\n\n\n<div style=\"height:20px\" aria-hidden=\"true\" class=\"wp-block-spacer\"><\/div>","protected":false},"excerpt":{"rendered":"<p>PI Electronics AG entwickelt innovative, kundenspezifische Hardware L\u00f6sungen. Als Fachspezialisten im Bereich Elektronik unterst\u00fctzen wir Kunden von der klassischen Industrie bis hin zu neuen Gesch\u00e4ftsfeldern in Start-Ups. Von Prototypen bis hin zu serienreifen Systemkomponenten verwirklichen wir die beste L\u00f6sung f\u00fcr Ihre Anforderungen. cRIO Modul Entwicklung PI Electronics AG entwickelt kundenspezifische IO-Module f\u00fcr NI CompactRIO-Systeme. Der&hellip;&nbsp;<a href=\"https:\/\/pie.ch\/en\/elektronik-entwicklung\/\" class=\"\" rel=\"bookmark\">Read More &raquo;<span class=\"screen-reader-text\">Electronics Development<\/span><\/a><\/p>","protected":false},"author":1,"featured_media":0,"parent":0,"menu_order":0,"comment_status":"closed","ping_status":"closed","template":"","meta":{"neve_meta_sidebar":"full-width","neve_meta_container":"","neve_meta_enable_content_width":"on","neve_meta_content_width":100,"neve_meta_title_alignment":"","neve_meta_author_avatar":"","neve_post_elements_order":"","neve_meta_disable_header":"","neve_meta_disable_footer":"","neve_meta_disable_title":"","footnotes":""},"_links":{"self":[{"href":"https:\/\/pie.ch\/en\/wp-json\/wp\/v2\/pages\/68"}],"collection":[{"href":"https:\/\/pie.ch\/en\/wp-json\/wp\/v2\/pages"}],"about":[{"href":"https:\/\/pie.ch\/en\/wp-json\/wp\/v2\/types\/page"}],"author":[{"embeddable":true,"href":"https:\/\/pie.ch\/en\/wp-json\/wp\/v2\/users\/1"}],"replies":[{"embeddable":true,"href":"https:\/\/pie.ch\/en\/wp-json\/wp\/v2\/comments?post=68"}],"version-history":[{"count":61,"href":"https:\/\/pie.ch\/en\/wp-json\/wp\/v2\/pages\/68\/revisions"}],"predecessor-version":[{"id":1354,"href":"https:\/\/pie.ch\/en\/wp-json\/wp\/v2\/pages\/68\/revisions\/1354"}],"wp:attachment":[{"href":"https:\/\/pie.ch\/en\/wp-json\/wp\/v2\/media?parent=68"}],"curies":[{"name":"wp","href":"https:\/\/api.w.org\/{rel}","templated":true}]}}